{"id":151,"date":"2020-06-01T13:46:08","date_gmt":"2020-06-01T13:46:08","guid":{"rendered":"http:\/\/galraorenovaveis.pt\/?page_id=151"},"modified":"2020-07-21T10:51:56","modified_gmt":"2020-07-21T10:51:56","slug":"bombas-de-calor","status":"publish","type":"page","link":"https:\/\/galraorenovaveis.pt\/index.php\/servicos\/bombas-de-calor\/","title":{"rendered":"Bombas de Calor"},"content":{"rendered":"\n<h2>Aquecimento Central e \u00c1guas Sanit\u00e1rias <\/h2>\n\n\n\n<figure class=\"wp-block-image size-large\"><img loading=\"lazy\" width=\"1024\" height=\"363\" src=\"http:\/\/galraorenovaveis.pt\/wp-content\/uploads\/2020\/06\/Bomba-de-calor-2-1024x363.jpg\" alt=\"Bomba de calor \" class=\"wp-image-247\" srcset=\"https:\/\/galraorenovaveis.pt\/wp-content\/uploads\/2020\/06\/Bomba-de-calor-2-1024x363.jpg 1024w, https:\/\/galraorenovaveis.pt\/wp-content\/uploads\/2020\/06\/Bomba-de-calor-2-300x106.jpg 300w, https:\/\/galraorenovaveis.pt\/wp-content\/uploads\/2020\/06\/Bomba-de-calor-2-768x272.jpg 768w, https:\/\/galraorenovaveis.pt\/wp-content\/uploads\/2020\/06\/Bomba-de-calor-2-1536x544.jpg 1536w, https:\/\/galraorenovaveis.pt\/wp-content\/uploads\/2020\/06\/Bomba-de-calor-2.jpg 1683w\" sizes=\"(max-width: 1024px) 100vw, 1024px\" \/><figcaption>Bombas de calor <\/figcaption><\/figure>\n\n\n\n<p>Na Galr\u00e3o Renov\u00e1veis comercializamos, instalamos e fazemos a manuten\u00e7\u00e3o de bombas de calor destinadas \u00e0 climatiza\u00e7\u00e3o e \u00e1guas quentes sanit\u00e1rias.<\/p>\n\n\n\n<p>Trabalhamos com as melhores marcas do mercado para lhe conseguirmos apresentar a solu\u00e7\u00e3o financeira e t\u00e9cnica que melhor corresponde \u00e0s suas necessidades.<\/p>\n\n\n\n<h3>Como funcionam as bombas de calor<\/h3>\n\n\n\n<p>De uma forma muito resumida, podemos dizer que as bombas de calor t\u00eam um mecanismo que funciona de forma inversa aos frigor\u00edficos.<\/p>\n\n\n\n<p>Em vez de transferir calor do interior para o exterior, como acontece com os frigor\u00edficos, as bombas de calor extraem o calor do meio envolvente, seja de len\u00e7\u00f3is fre\u00e1ticos, do solo ou do ar, transferindo-o para outro meio.<\/p>\n\n\n\n<p>Este processo ocorre em quatro etapas: a evapora\u00e7\u00e3o, a compress\u00e3o, a condensa\u00e7\u00e3o e a expans\u00e3o.<\/p>\n\n\n\n<h3>As etapas de funcionamento das bombas de calor<\/h3>\n\n\n\n<h4>Evapora\u00e7\u00e3o<\/h4>\n\n\n\n<p>Por causa da baixa temperatura do fluido na bomba de calor, o fluido frigor\u00edfico capta a energia t\u00e9rmica do ambiente. Ao faz\u00ea-lo, a baixa temperatura de evapora\u00e7\u00e3o do flu\u00eddo provoca a mudan\u00e7a para a fase gasosa.<\/p>\n\n\n\n<h4>Compress\u00e3o<\/h4>\n\n\n\n<p>O g\u00e1s que resulta da fase de evapora\u00e7\u00e3o \u00e9 comprimido no compressor. Ao serem submetidas a uma elevada press\u00e3o num espa\u00e7o fechado, as mol\u00e9culas do g\u00e1s s\u00e3o friccionadas umas contra as outras, dando origem a temperaturas elevadas que v\u00e3o ser usadas no circuito de aquecimento da bomba de calor.<\/p>\n\n\n\n<h4>Condensa\u00e7\u00e3o<\/h4>\n\n\n\n<p>O calor do g\u00e1s quente obtido anteriormente \u00e9 transferido para o sistema de aquecimento, levando \u00e0 condensa\u00e7\u00e3o do fluido frigor\u00edfico e \u00e0 sua passagem ao estado l\u00edquido.<\/p>\n\n\n\n<h4>Expans\u00e3o<\/h4>\n\n\n\n<p>A v\u00e1lcula de expans\u00e3o existente no sistema diminui bruscamente a press\u00e3o gerada na segunda etapa, permitindo que o fluido frigor\u00edfico possa novamente absorver o calor do meio envolvente, reiniciando todo o processo que \u00e9 c\u00edclico.<\/p>\n\n\n\n<figure class=\"wp-block-image size-large\"><img loading=\"lazy\" width=\"1024\" height=\"417\" src=\"http:\/\/galraorenovaveis.pt\/wp-content\/uploads\/2020\/06\/Bomba-de-Calor-3-1024x417.jpg\" alt=\"Bomba de calor\" class=\"wp-image-249\" srcset=\"https:\/\/galraorenovaveis.pt\/wp-content\/uploads\/2020\/06\/Bomba-de-Calor-3-1024x417.jpg 1024w, https:\/\/galraorenovaveis.pt\/wp-content\/uploads\/2020\/06\/Bomba-de-Calor-3-300x122.jpg 300w, https:\/\/galraorenovaveis.pt\/wp-content\/uploads\/2020\/06\/Bomba-de-Calor-3-768x313.jpg 768w, https:\/\/galraorenovaveis.pt\/wp-content\/uploads\/2020\/06\/Bomba-de-Calor-3.jpg 1384w\" sizes=\"(max-width: 1024px) 100vw, 1024px\" \/><figcaption>Bomba de Calor Sanit\u00e1ria, Bomba de Calor climatiza\u00e7\u00e3o revers\u00edvel, Bomba de Calor climatiza\u00e7\u00e3o<\/figcaption><\/figure>\n\n\n\n<h3>As vantagens do aquecimento por bomba de calor<\/h3>\n\n\n\n<p>S\u00e3o diversos os benef\u00edcios de optar por esta solu\u00e7\u00e3o de climatiza\u00e7\u00e3o. <\/p>\n\n\n\n<ul><li>As bombas de calor alimentam-se de fontes de energia naturais e inesgot\u00e1veis<\/li><li>N\u00e3o produzem emiss\u00f5es poluentes, reduzindo a pegada ecol\u00f3gica<\/li><li>Elevada taxa de efici\u00eancia j\u00e1 que retiram at\u00e9 75% da energia do ambiente, usando apenas 25% de energia el\u00e9trica<\/li><li>Equipamentos vers\u00e1teis que podem ser usados para aquecimento, arrefecimento e produ\u00e7\u00e3o de \u00e1guas quentes sanit\u00e1rias<\/li><li>As bombas de calor apresentam uma tecnologia de ponta, que requer baixa manuten\u00e7\u00e3o e t\u00eam um longo per\u00edodo de vida \u00fatil.<\/li><\/ul>\n\n\n\n<h3>As bombas de calor e o arrefecimento<\/h3>\n\n\n\n<p>Pode parecer uma contradi\u00e7\u00e3o mas as bombas de calor podem cumprir a fun\u00e7\u00e3o de arrefecimento. E existem duas formas de o conseguir.<\/p>\n\n\n\n<h4>Arrefecimento &#8220;natural&#8221; ou passivo<\/h4>\n\n\n\n<p>Neste caso, a bomba do circuito prim\u00e1rio \u00e9 acionada, ficando o compressor desligado. A \u00e1gua com anti-congelante \u00e9 conduzida ao permutador onde entra em contacto com a \u00e1gua de aquecimento que se encontra \u00e0 temperatura do espa\u00e7o a climatizar. <\/p>\n\n\n\n<p>No permutador, as temperaturas dos dois circuitos uniformizam-se e a \u00e1gua arrefecida entra no circuito de aquecimento, baixando a temperatura do espa\u00e7o.<\/p>\n\n\n\n<h4>Arrefecimento ativo<\/h4>\n\n\n\n<p>\u00c9 poss\u00edvel fazer este tipo de arrefecimento atrav\u00e9s da invers\u00e3o do ciclo de aquecimento. Neste caso, o calor extra\u00eddo \u00e9 transterido para o solo atrav\u00e9s do compressor. Na fun\u00e7\u00e3o de arrefecimento, o condensador atua como evaporador, transferindo o calor do espa\u00e7o para o fluido.<\/p>\n\n\n\n<p>Na sua fase gasosa, o fluido passa pelo condensador e, em seguida, para o permutador de calor que passa o calor para o solo.<\/p>\n\n\n\n<figure class=\"wp-block-image size-large\"><img loading=\"lazy\" width=\"1024\" height=\"419\" src=\"http:\/\/galraorenovaveis.pt\/wp-content\/uploads\/2020\/06\/Bom-de-Calor-1024x419.jpg\" alt=\"Bomba de Calor\" class=\"wp-image-245\" srcset=\"https:\/\/galraorenovaveis.pt\/wp-content\/uploads\/2020\/06\/Bom-de-Calor-1024x419.jpg 1024w, https:\/\/galraorenovaveis.pt\/wp-content\/uploads\/2020\/06\/Bom-de-Calor-300x123.jpg 300w, https:\/\/galraorenovaveis.pt\/wp-content\/uploads\/2020\/06\/Bom-de-Calor-768x314.jpg 768w, https:\/\/galraorenovaveis.pt\/wp-content\/uploads\/2020\/06\/Bom-de-Calor.jpg 1396w\" sizes=\"(max-width: 1024px) 100vw, 1024px\" \/><figcaption>Display de bomba de calor reversivel<\/figcaption><\/figure>\n\n\n\n<p>O arrefecimento ativo \u00e9 mais eficaz do que o passivo mas, em contrapartida gasta mais energia.<\/p>\n\n\n<div role=\"form\" class=\"wpcf7\" id=\"wpcf7-f242-o1\" lang=\"pt-PT\" dir=\"ltr\">\n<div class=\"screen-reader-response\"><p role=\"status\" aria-live=\"polite\" aria-atomic=\"true\"><\/p> <ul><\/ul><\/div>\n<form action=\"\/index.php\/wp-json\/wp\/v2\/pages\/151#wpcf7-f242-o1\" method=\"post\" class=\"wpcf7-form init\" novalidate=\"novalidate\" data-status=\"init\">\n<div style=\"display: none;\">\n<input type=\"hidden\" name=\"_wpcf7\" value=\"242\" \/>\n<input type=\"hidden\" name=\"_wpcf7_version\" value=\"5.5.6\" \/>\n<input type=\"hidden\" name=\"_wpcf7_locale\" value=\"pt_PT\" \/>\n<input type=\"hidden\" name=\"_wpcf7_unit_tag\" value=\"wpcf7-f242-o1\" \/>\n<input type=\"hidden\" name=\"_wpcf7_container_post\" value=\"0\" \/>\n<input type=\"hidden\" name=\"_wpcf7_posted_data_hash\" value=\"\" \/>\n<\/div>\n<p>Para mais Informa\u00e7\u00f5es:<\/p>\n<p><label> O seu email (obrigat\u00f3rio)<br \/>\n    <span class=\"wpcf7-form-control-wrap your-email\"><input type=\"email\" name=\"your-email\" value=\"\" size=\"40\" class=\"wpcf7-form-control wpcf7-text wpcf7-email wpcf7-validates-as-required wpcf7-validates-as-email\" aria-required=\"true\" aria-invalid=\"false\" \/><\/span> <\/label><\/p>\n<p><label> A sua mensagem<br \/>\n    <span class=\"wpcf7-form-control-wrap your-message\"><textarea name=\"your-message\" cols=\"40\" rows=\"10\" class=\"wpcf7-form-control wpcf7-textarea\" aria-invalid=\"false\"><\/textarea><\/span> <\/label><\/p>\n<p><input type=\"submit\" value=\"Enviar\" class=\"wpcf7-form-control has-spinner wpcf7-submit\" \/><\/p>\n<p style=\"display: none !important;\"><label>&#916;<textarea name=\"_wpcf7_ak_hp_textarea\" cols=\"45\" rows=\"8\" maxlength=\"100\"><\/textarea><\/label><input type=\"hidden\" id=\"ak_js_1\" name=\"_wpcf7_ak_js\" value=\"242\"\/><script>document.getElementById( \"ak_js_1\" ).setAttribute( \"value\", ( new Date() ).getTime() );<\/script><\/p><div class=\"wpcf7-response-output\" aria-hidden=\"true\"><\/div><\/form><\/div>\n","protected":false},"excerpt":{"rendered":"<p>Aquecimento Central e \u00c1guas Sanit\u00e1rias Na Galr\u00e3o Renov\u00e1veis comercializamos, instalamos e fazemos a manuten\u00e7\u00e3o de bombas de calor destinadas \u00e0 climatiza\u00e7\u00e3o e \u00e1guas quentes sanit\u00e1rias. Trabalhamos com as melhores marcas do mercado para lhe conseguirmos apresentar a solu\u00e7\u00e3o financeira e t\u00e9cnica que melhor corresponde \u00e0s &hellip; <a href=\"https:\/\/galraorenovaveis.pt\/index.php\/servicos\/bombas-de-calor\/\" class=\"more-link\"><span>Continue reading<span class=\"screen-reader-text\">Bombas de Calor<\/span><\/span><\/a><\/p>\n","protected":false},"author":3,"featured_media":0,"parent":42,"menu_order":3,"comment_status":"closed","ping_status":"closed","template":"","meta":[],"_links":{"self":[{"href":"https:\/\/galraorenovaveis.pt\/index.php\/wp-json\/wp\/v2\/pages\/151"}],"collection":[{"href":"https:\/\/galraorenovaveis.pt\/index.php\/wp-json\/wp\/v2\/pages"}],"about":[{"href":"https:\/\/galraorenovaveis.pt\/index.php\/wp-json\/wp\/v2\/types\/page"}],"author":[{"embeddable":true,"href":"https:\/\/galraorenovaveis.pt\/index.php\/wp-json\/wp\/v2\/users\/3"}],"replies":[{"embeddable":true,"href":"https:\/\/galraorenovaveis.pt\/index.php\/wp-json\/wp\/v2\/comments?post=151"}],"version-history":[{"count":10,"href":"https:\/\/galraorenovaveis.pt\/index.php\/wp-json\/wp\/v2\/pages\/151\/revisions"}],"predecessor-version":[{"id":253,"href":"https:\/\/galraorenovaveis.pt\/index.php\/wp-json\/wp\/v2\/pages\/151\/revisions\/253"}],"up":[{"embeddable":true,"href":"https:\/\/galraorenovaveis.pt\/index.php\/wp-json\/wp\/v2\/pages\/42"}],"wp:attachment":[{"href":"https:\/\/galraorenovaveis.pt\/index.php\/wp-json\/wp\/v2\/media?parent=151"}],"curies":[{"name":"wp","href":"https:\/\/api.w.org\/{rel}","templated":true}]}}