{"id":153,"date":"2020-06-01T13:46:37","date_gmt":"2020-06-01T13:46:37","guid":{"rendered":"http:\/\/galraorenovaveis.pt\/?page_id=153"},"modified":"2020-07-21T10:49:10","modified_gmt":"2020-07-21T10:49:10","slug":"energia-solar-termica","status":"publish","type":"page","link":"https:\/\/galraorenovaveis.pt\/index.php\/servicos\/energia-solar-termica\/","title":{"rendered":"Energia Solar T\u00e9rmica"},"content":{"rendered":"<p><\/p>\n\n\n<h2>Sistemas T\u00e9rmicos para Aquecimento de \u00c1guas Sanit\u00e1rias<\/h2>\n\n\n<p><\/p>\n\n\n<p>As \u00c1guas Quentes Sanit\u00e1rias s\u00e3o um bem necess\u00e1rio, que traz conforto \u00e0s rotinas di\u00e1rias, mas tamb\u00e9m, um mimo que merecemos. Na Galr\u00e3o Renov\u00e1veis comercializamos, instalamos e fazemos a manuten\u00e7\u00e3o os mais diversos sistemas t\u00e9rmicos, adaptando-os \u00e0s reais necessidades do cliente.<\/p>\n\n\n<p><\/p>\n\n\n<figure class=\"wp-block-image alignwide size-large\"><img loading=\"lazy\" width=\"850\" height=\"194\" src=\"http:\/\/galraorenovaveis.pt\/wp-content\/uploads\/2020\/07\/energia-solar-termica-1.jpg\" alt=\"Energia Solar T\u00e9rmica\" class=\"wp-image-467\" srcset=\"https:\/\/galraorenovaveis.pt\/wp-content\/uploads\/2020\/07\/energia-solar-termica-1.jpg 850w, https:\/\/galraorenovaveis.pt\/wp-content\/uploads\/2020\/07\/energia-solar-termica-1-300x68.jpg 300w, https:\/\/galraorenovaveis.pt\/wp-content\/uploads\/2020\/07\/energia-solar-termica-1-768x175.jpg 768w\" sizes=\"(max-width: 850px) 100vw, 850px\" \/><figcaption>Energia solar termica<\/figcaption><\/figure>\n\n\n<p><\/p>\n\n\n<h3>Os sistemas t\u00e9rmicos que temos para si<\/h3>\n\n\n<p><\/p>\n\n\n<p>Temos para lhe oferecer desde o sistema mais simples para \u00e1guas quentes, ou seja, o Termosif\u00e3o, at\u00e9 aos mais complexos para \u00e1guas sanit\u00e1rias com acumuladores antilegionela, climatiza\u00e7\u00e3o, piscinas, complexos desportivos, etc.<\/p>\n\n\n<p><\/p>\n\n\n<p>Apostamos numa vasta gama de sistemas solares de aquecimento de \u00e1guas para poder responder \u00e0s diferentes necessidades de cada cliente particular e empresarial. Assim, asseguramos que cada projeto recebe o sistema mais adequado \u00e0s exig\u00eancias, evitando custos desnecess\u00e1rios.<\/p>\n\n\n<p><\/p>\n\n\n<h3>Como funcionam?<\/h3>\n\n\n<p><\/p>\n\n\n<p>Os coletores solares t\u00e9rmicos convertem a energia do sol em calor utilizado para aquecer \u00e1gua, mesmo em dias de pouca radia\u00e7\u00e3o. <\/p>\n\n\n<p><\/p>\n\n\n<p>Ao longo de um ano, um sistema de coletores solares t\u00e9rmicos pode fornecer at\u00e9 80% da sua \u00e1gua. E uma vez que Portugal \u00e9 dos pa\u00edses da Europa com maior disponibilidade solar, oferece garantias de um bom retorno do investimento.<\/p>\n\n\n<p><\/p>\n\n\n<h3>Vantagens dos sistemas t\u00e9rmicos para aquecimento de \u00e1guas<\/h3>\n\n\n<p><\/p>\n\n\n<p>Imagine&#8230; ter \u00e1gua quente, reduzir a conta de energia e fazer uma diferen\u00e7a positiva no ambiente, apenas com a energia solar.<\/p>\n\n\n<p><\/p>\n\n\n<h4>Redu\u00e7\u00e3o da conta da eletricidade<\/h4>\n\n\n<p><\/p>\n\n\n<p>O aquecimento das \u00e1guas sanit\u00e1rias \u00e9 um processo que consome uma quantidade significativa de energia,&nbsp;e representa cerca de 50% da factura energ\u00e9tica de um consumidor particular.<\/p>\n\n\n<p><\/p>\n\n\n<h4>Prote\u00e7\u00e3o do meio ambiente<\/h4>\n\n\n<p><\/p>\n\n\n<p>Uma vez que os sistemas t\u00e9rmicos usam a energia solar para o aquecimento das \u00e1guas sanit\u00e1rias, reduzem significativamente o impacto ambiental dos outros sistemas que utilizam fontes de energia mais convencionais e mais poluentes.<\/p>\n\n\n<p><\/p>\n\n\n<figure class=\"wp-block-image alignfull\"><img src=\"http:\/\/galraorenovaveis.pt\/wp-content\/uploads\/2020\/07\/Energia-solar-termica2.jpg\" alt=\"Energia solar termica\"\/><figcaption>Energia solar t\u00e9rmica<\/figcaption><\/figure>\n\n\n<p><\/p>\n\n<div role=\"form\" class=\"wpcf7\" id=\"wpcf7-f242-o1\" lang=\"pt-PT\" dir=\"ltr\">\n<div class=\"screen-reader-response\"><p role=\"status\" aria-live=\"polite\" aria-atomic=\"true\"><\/p> <ul><\/ul><\/div>\n<form action=\"\/index.php\/wp-json\/wp\/v2\/pages\/153#wpcf7-f242-o1\" method=\"post\" class=\"wpcf7-form init\" novalidate=\"novalidate\" data-status=\"init\">\n<div style=\"display: none;\">\n<input type=\"hidden\" name=\"_wpcf7\" value=\"242\" \/>\n<input type=\"hidden\" name=\"_wpcf7_version\" value=\"5.5.6\" \/>\n<input type=\"hidden\" name=\"_wpcf7_locale\" value=\"pt_PT\" \/>\n<input type=\"hidden\" name=\"_wpcf7_unit_tag\" value=\"wpcf7-f242-o1\" \/>\n<input type=\"hidden\" name=\"_wpcf7_container_post\" value=\"0\" \/>\n<input type=\"hidden\" name=\"_wpcf7_posted_data_hash\" value=\"\" \/>\n<\/div>\n<p>Para mais Informa\u00e7\u00f5es:<\/p>\n<p><label> O seu email (obrigat\u00f3rio)<br \/>\n    <span class=\"wpcf7-form-control-wrap your-email\"><input type=\"email\" name=\"your-email\" value=\"\" size=\"40\" class=\"wpcf7-form-control wpcf7-text wpcf7-email wpcf7-validates-as-required wpcf7-validates-as-email\" aria-required=\"true\" aria-invalid=\"false\" \/><\/span> <\/label><\/p>\n<p><label> A sua mensagem<br \/>\n    <span class=\"wpcf7-form-control-wrap your-message\"><textarea name=\"your-message\" cols=\"40\" rows=\"10\" class=\"wpcf7-form-control wpcf7-textarea\" aria-invalid=\"false\"><\/textarea><\/span> <\/label><\/p>\n<p><input type=\"submit\" value=\"Enviar\" class=\"wpcf7-form-control has-spinner wpcf7-submit\" \/><\/p>\n<p style=\"display: none !important;\" class=\"akismet-fields-container\" data-prefix=\"_wpcf7_ak_\"><label>&#916;<textarea name=\"_wpcf7_ak_hp_textarea\" cols=\"45\" rows=\"8\" maxlength=\"100\"><\/textarea><\/label><input type=\"hidden\" id=\"ak_js_1\" name=\"_wpcf7_ak_js\" value=\"27\"\/><script type=\"text\/javascript\">\ndocument.getElementById( \"ak_js_1\" ).setAttribute( \"value\", ( new Date() ).getTime() );\n<\/script>\n<\/p><div class=\"wpcf7-response-output\" aria-hidden=\"true\"><\/div><\/form><\/div>\n\n\n<p><\/p>","protected":false},"excerpt":{"rendered":"<p>Sistemas T\u00e9rmicos para Aquecimento de \u00c1guas Sanit\u00e1rias As \u00c1guas Quentes Sanit\u00e1rias s\u00e3o um bem necess\u00e1rio, que traz conforto \u00e0s rotinas di\u00e1rias, mas tamb\u00e9m, um mimo que merecemos. Na Galr\u00e3o Renov\u00e1veis comercializamos, instalamos e fazemos a manuten\u00e7\u00e3o os mais diversos sistemas t\u00e9rmicos, adaptando-os \u00e0s reais necessidades &hellip; <a href=\"https:\/\/galraorenovaveis.pt\/index.php\/servicos\/energia-solar-termica\/\" class=\"more-link\"><span>Continue reading<span class=\"screen-reader-text\">Energia Solar T\u00e9rmica<\/span><\/span><\/a><\/p>\n","protected":false},"author":3,"featured_media":0,"parent":42,"menu_order":4,"comment_status":"closed","ping_status":"closed","template":"","meta":{"_joinchat":[]},"_links":{"self":[{"href":"https:\/\/galraorenovaveis.pt\/index.php\/wp-json\/wp\/v2\/pages\/153"}],"collection":[{"href":"https:\/\/galraorenovaveis.pt\/index.php\/wp-json\/wp\/v2\/pages"}],"about":[{"href":"https:\/\/galraorenovaveis.pt\/index.php\/wp-json\/wp\/v2\/types\/page"}],"author":[{"embeddable":true,"href":"https:\/\/galraorenovaveis.pt\/index.php\/wp-json\/wp\/v2\/users\/3"}],"replies":[{"embeddable":true,"href":"https:\/\/galraorenovaveis.pt\/index.php\/wp-json\/wp\/v2\/comments?post=153"}],"version-history":[{"count":13,"href":"https:\/\/galraorenovaveis.pt\/index.php\/wp-json\/wp\/v2\/pages\/153\/revisions"}],"predecessor-version":[{"id":472,"href":"https:\/\/galraorenovaveis.pt\/index.php\/wp-json\/wp\/v2\/pages\/153\/revisions\/472"}],"up":[{"embeddable":true,"href":"https:\/\/galraorenovaveis.pt\/index.php\/wp-json\/wp\/v2\/pages\/42"}],"wp:attachment":[{"href":"https:\/\/galraorenovaveis.pt\/index.php\/wp-json\/wp\/v2\/media?parent=153"}],"curies":[{"name":"wp","href":"https:\/\/api.w.org\/{rel}","templated":true}]}}