{"id":164,"date":"2020-06-01T13:49:52","date_gmt":"2020-06-01T13:49:52","guid":{"rendered":"http:\/\/galraorenovaveis.pt\/?page_id=164"},"modified":"2020-07-08T15:17:55","modified_gmt":"2020-07-08T15:17:55","slug":"piscinas","status":"publish","type":"page","link":"https:\/\/galraorenovaveis.pt\/index.php\/servicos\/piscinas\/","title":{"rendered":"Piscinas"},"content":{"rendered":"\n<h2 class=\"has-text-align-center\">Piscinas de \u00c1gua Aquecida<\/h2>\n\n\n\n<p>Nadar numa piscina de \u00e1gua aquecida, onde n\u00e3o h\u00e1 choque t\u00e9rmico ao mergulhar, \u00e9 um outro conforto, n\u00e3o concorda?<\/p>\n\n\n\n<p>Uma outra vantagem de ter uma piscina aquecida passa por poder prolongar o seu per\u00edodo de utiliza\u00e7\u00e3o. Em alguns casos, dependendo da zona e , \u00e9 mesmo poss\u00edvel utiliz\u00e1-la durante todo o ano.<\/p>\n\n\n\n<div class=\"wp-block-image\"><figure class=\"alignright size-large is-resized\"><img loading=\"lazy\" src=\"http:\/\/galraorenovaveis.pt\/wp-content\/uploads\/2020\/06\/piscina7.jpg\" alt=\"\" class=\"wp-image-262\" width=\"348\" height=\"264\" srcset=\"https:\/\/galraorenovaveis.pt\/wp-content\/uploads\/2020\/06\/piscina7.jpg 570w, https:\/\/galraorenovaveis.pt\/wp-content\/uploads\/2020\/06\/piscina7-300x227.jpg 300w\" sizes=\"(max-width: 348px) 100vw, 348px\" \/><figcaption>Piscina interior aquecida<\/figcaption><\/figure><\/div>\n\n\n\n<p>Der referir que os equipamentos que comercializamos, nomeadamente as Bombas de Calor PoolBox, s\u00e3o tamb\u00e9m silenciosas, c\u00f3modas e limpas.<\/p>\n\n\n\n<p>Na Galr\u00e3o Renov\u00e1veis temos as solu\u00e7\u00f5es certas para o aquecimento de \u00e1guas de piscinas. Al\u00e9m da comercializa\u00e7\u00e3o e instala\u00e7\u00e3o destes equipamentos tamb\u00e9m fazemos a sua manuten\u00e7\u00e3o.<\/p>\n\n\n\n<h3>Aquecimento de \u00e1gua de piscinas<\/h3>\n\n\n\n<p>Um sistema de bomba de calor \u00e9, sem d\u00favida, uma das formas mais vantajosas para aquecer a \u00e1gua da sua piscina.<\/p>\n\n\n\n<h4>Como funciona<\/h4>\n\n\n\n<p>A bomba de calor captura o calor do ar e transmite-o \u00e0 \u00e1gua da piscina, aquecendo-a. <\/p>\n\n\n\n<p>Por utilizar energia renov\u00e1vel este tipo de equipamento tem um melhor desempenho e custos menores do que um aquecedor el\u00e9trico, principalmente num pa\u00eds como Portugal, com um elevado n\u00famero de horas de sol por ano.<\/p>\n\n\n\n<h3>Climatiza\u00e7\u00e3o e desumidifica\u00e7\u00e3o de piscinas interiores<\/h3>\n\n\n\n<p>A maior parte das perdas t\u00e9rmicas das piscinas de \u00e1gua aquecida, situadas em ambientes fechados, resultam da evapora\u00e7\u00e3o da \u00e1gua.<\/p>\n\n\n\n<p>Como tal, \u00e9 importante entender as suas causas e identificar a melhor forma de controlar a evapora\u00e7\u00e3o e a humidade ambiente.<\/p>\n\n\n\n<div class=\"wp-block-image\"><figure class=\"alignright size-large\"><img loading=\"lazy\" width=\"520\" height=\"258\" src=\"http:\/\/galraorenovaveis.pt\/wp-content\/uploads\/2020\/06\/Piscina.jpg\" alt=\"\" class=\"wp-image-266\" srcset=\"https:\/\/galraorenovaveis.pt\/wp-content\/uploads\/2020\/06\/Piscina.jpg 520w, https:\/\/galraorenovaveis.pt\/wp-content\/uploads\/2020\/06\/Piscina-300x149.jpg 300w\" sizes=\"(max-width: 520px) 100vw, 520px\" \/><figcaption>Piscina de exterior com aquecimento t\u00e9rmico<\/figcaption><\/figure><\/div>\n\n\n\n<p>Em qualquer piscina interior \u00e9 fundamental a desumidifica\u00e7\u00e3o do ar ambiente.<\/p>\n\n\n\n<p>Nestes espa\u00e7os, \u00e9 recomendado manter a humidade relativa em torno dos 65%.<\/p>\n\n\n\n<p>Abaixo dos 60%, o ar demasiado seco \u00e9 desconfort\u00e1vel, e acima dos 70% as condensa\u00e7\u00f5es s\u00e3o muito elevadas.<\/p>\n\n\n\n<p>Os equipamentos para aquecimento de \u00e1guas de piscinas interiores que comercializamos s\u00e3o especialmente desenvolvidos para este controlo da humidade ambiente, com importantes poupan\u00e7as energ\u00e9ticas.<\/p>\n\n\n\n<figure class=\"wp-block-image alignfull size-large\"><img loading=\"lazy\" width=\"700\" height=\"267\" src=\"http:\/\/galraorenovaveis.pt\/wp-content\/uploads\/2020\/07\/Piscinas.jpg\" alt=\"\" class=\"wp-image-438\" srcset=\"https:\/\/galraorenovaveis.pt\/wp-content\/uploads\/2020\/07\/Piscinas.jpg 700w, https:\/\/galraorenovaveis.pt\/wp-content\/uploads\/2020\/07\/Piscinas-300x114.jpg 300w\" sizes=\"(max-width: 700px) 100vw, 700px\" \/><figcaption>Piscinas com controle de temperatura e que permitem aumentar a temporada de utiliza\u00e7\u00e3o.<\/figcaption><\/figure>\n\n\n<div role=\"form\" class=\"wpcf7\" id=\"wpcf7-f242-o1\" lang=\"pt-PT\" dir=\"ltr\">\n<div class=\"screen-reader-response\"><p role=\"status\" aria-live=\"polite\" aria-atomic=\"true\"><\/p> <ul><\/ul><\/div>\n<form action=\"\/index.php\/wp-json\/wp\/v2\/pages\/164#wpcf7-f242-o1\" method=\"post\" class=\"wpcf7-form init\" novalidate=\"novalidate\" data-status=\"init\">\n<div style=\"display: none;\">\n<input type=\"hidden\" name=\"_wpcf7\" value=\"242\" \/>\n<input type=\"hidden\" name=\"_wpcf7_version\" value=\"5.5.6\" \/>\n<input type=\"hidden\" name=\"_wpcf7_locale\" value=\"pt_PT\" \/>\n<input type=\"hidden\" name=\"_wpcf7_unit_tag\" value=\"wpcf7-f242-o1\" \/>\n<input type=\"hidden\" name=\"_wpcf7_container_post\" value=\"0\" \/>\n<input type=\"hidden\" name=\"_wpcf7_posted_data_hash\" value=\"\" \/>\n<\/div>\n<p>Para mais Informa\u00e7\u00f5es:<\/p>\n<p><label> O seu email (obrigat\u00f3rio)<br \/>\n    <span class=\"wpcf7-form-control-wrap your-email\"><input type=\"email\" name=\"your-email\" value=\"\" size=\"40\" class=\"wpcf7-form-control wpcf7-text wpcf7-email wpcf7-validates-as-required wpcf7-validates-as-email\" aria-required=\"true\" aria-invalid=\"false\" \/><\/span> <\/label><\/p>\n<p><label> A sua mensagem<br \/>\n    <span class=\"wpcf7-form-control-wrap your-message\"><textarea name=\"your-message\" cols=\"40\" rows=\"10\" class=\"wpcf7-form-control wpcf7-textarea\" aria-invalid=\"false\"><\/textarea><\/span> <\/label><\/p>\n<p><input type=\"submit\" value=\"Enviar\" class=\"wpcf7-form-control has-spinner wpcf7-submit\" \/><\/p>\n<p style=\"display: none !important;\"><label>&#916;<textarea name=\"_wpcf7_ak_hp_textarea\" cols=\"45\" rows=\"8\" maxlength=\"100\"><\/textarea><\/label><input type=\"hidden\" id=\"ak_js_1\" name=\"_wpcf7_ak_js\" value=\"73\"\/><script>document.getElementById( \"ak_js_1\" ).setAttribute( \"value\", ( new Date() ).getTime() );<\/script><\/p><div class=\"wpcf7-response-output\" aria-hidden=\"true\"><\/div><\/form><\/div>\n","protected":false},"excerpt":{"rendered":"<p>Piscinas de \u00c1gua Aquecida Nadar numa piscina de \u00e1gua aquecida, onde n\u00e3o h\u00e1 choque t\u00e9rmico ao mergulhar, \u00e9 um outro conforto, n\u00e3o concorda? Uma outra vantagem de ter uma piscina aquecida passa por poder prolongar o seu per\u00edodo de utiliza\u00e7\u00e3o. Em alguns casos, dependendo da &hellip; <a href=\"https:\/\/galraorenovaveis.pt\/index.php\/servicos\/piscinas\/\" class=\"more-link\"><span>Continue reading<span class=\"screen-reader-text\">Piscinas<\/span><\/span><\/a><\/p>\n","protected":false},"author":3,"featured_media":0,"parent":42,"menu_order":7,"comment_status":"closed","ping_status":"closed","template":"","meta":[],"_links":{"self":[{"href":"https:\/\/galraorenovaveis.pt\/index.php\/wp-json\/wp\/v2\/pages\/164"}],"collection":[{"href":"https:\/\/galraorenovaveis.pt\/index.php\/wp-json\/wp\/v2\/pages"}],"about":[{"href":"https:\/\/galraorenovaveis.pt\/index.php\/wp-json\/wp\/v2\/types\/page"}],"author":[{"embeddable":true,"href":"https:\/\/galraorenovaveis.pt\/index.php\/wp-json\/wp\/v2\/users\/3"}],"replies":[{"embeddable":true,"href":"https:\/\/galraorenovaveis.pt\/index.php\/wp-json\/wp\/v2\/comments?post=164"}],"version-history":[{"count":12,"href":"https:\/\/galraorenovaveis.pt\/index.php\/wp-json\/wp\/v2\/pages\/164\/revisions"}],"predecessor-version":[{"id":439,"href":"https:\/\/galraorenovaveis.pt\/index.php\/wp-json\/wp\/v2\/pages\/164\/revisions\/439"}],"up":[{"embeddable":true,"href":"https:\/\/galraorenovaveis.pt\/index.php\/wp-json\/wp\/v2\/pages\/42"}],"wp:attachment":[{"href":"https:\/\/galraorenovaveis.pt\/index.php\/wp-json\/wp\/v2\/media?parent=164"}],"curies":[{"name":"wp","href":"https:\/\/api.w.org\/{rel}","templated":true}]}}