{"id":2,"date":"2020-05-21T15:39:05","date_gmt":"2020-05-21T15:39:05","guid":{"rendered":"http:\/\/galraorenovaveis.pt\/?page_id=2"},"modified":"2020-06-01T11:14:02","modified_gmt":"2020-06-01T11:14:02","slug":"sample-page","status":"publish","type":"page","link":"https:\/\/galraorenovaveis.pt\/","title":{"rendered":"HOME"},"content":{"rendered":"\n<h2 class=\"has-text-align-center\">Especialistas em Sistemas de Energias Renov\u00e1veis<\/h2>\n\n\n\n<p>Criada em 2009, a Galr\u00e3o Renov\u00e1veis, empresa familiar, \u00e9 fruto de 30 anos de experi\u00eancia no mercado. Atua na \u00e1rea da Sustentabilidade, trabalhando na <strong>implementa\u00e7\u00e3o e manuten\u00e7\u00e3o de sistemas de energias renov\u00e1veis<\/strong> para clientes particulares, empresas e entidades p\u00fablicas. <\/p>\n\n\n\n<p>Dedicamo-nos, sobretudo, \u00e0s \u00e1reas da climatiza\u00e7\u00e3o, energias renov\u00e1veis, sistemas integrados e ilumina\u00e7\u00e3o t\u00e9cnica e decorativa, com base em tecnologia LED, promovendo a redu\u00e7\u00e3o de custos energ\u00e9ticos.<\/p>\n\n\n\n<p>Apresentamo-nos no mercado do com\u00e9rcio e instala\u00e7\u00e3o, atrav\u00e9s do fornecimento de <em>equipamentos de energias renov\u00e1veis<\/em> e de solu\u00e7\u00f5es integradas e adaptadas \u00e0s necessidades de cada cliente ou projecto. <\/p>\n\n\n\n<p>Disponibilizamos um servi\u00e7o completo nas \u00e1reas de estudo\/projecto, ajudando a escolher a solu\u00e7\u00e3o de climatiza\u00e7\u00e3o e energias renov\u00e1veis que melhor se adequa \u00e0s necessidades de cada cliente.  <\/p>\n\n\n\n<p>Disponibilizamos ainda servi\u00e7os de assist\u00eancia que garantem o bom funcionamento dos equipamentos, ajudando a prolongar o seu per\u00edodo de vida \u00fatil.<\/p>\n\n\n\n<h3>Solu\u00e7\u00f5es de climatiza\u00e7\u00e3o e Energias Renov\u00e1veis<\/h3>\n\n\n\n<p>A Galr\u00e3o Renov\u00e1veis, \u00e9 reconhecida pelos seus parceiros e clientes pelo seu compromisso com a excel\u00eancia e qualidade de servi\u00e7o prestado, trabalhando diretamente com profissionais nas \u00e1reas de Projeto, Engenharia, Construtoras ou com o Cliente Final.<\/p>\n\n\n\n<p>A nossa marca est\u00e1 associada a fabricantes de reconhecida qualidade nos mercados nacionais e internacionais, sendo que, alguns s\u00e3o nossos parceiros de longa data.<\/p>\n\n\n\n<div class=\"wp-block-image\"><figure class=\"alignright size-large is-resized\"><img loading=\"lazy\" src=\"http:\/\/galraorenovaveis.pt\/wp-content\/uploads\/2020\/05\/Daniel-Galra\u0303o.jpg\" alt=\"\" class=\"wp-image-108\" width=\"174\" height=\"252\" srcset=\"https:\/\/galraorenovaveis.pt\/wp-content\/uploads\/2020\/05\/Daniel-Galra\u0303o.jpg 494w, https:\/\/galraorenovaveis.pt\/wp-content\/uploads\/2020\/05\/Daniel-Galra\u0303o-206x300.jpg 206w\" sizes=\"(max-width: 174px) 100vw, 174px\" \/><\/figure><\/div>\n\n\n\n<p>Desde o in\u00edcio da nossa atividade que temos instalado os nossos produtos e <strong>sistemas de climatiza\u00e7\u00e3o e energias renov\u00e1veis<\/strong> em centenas de moradias, escrit\u00f3rios, lojas, apartamentos, al\u00e9m de v\u00e1rios pavilh\u00f5es e naves industriais. Crescemos de forma sustentada, sem nunca perder de vista a \u00e9tica da profiss\u00e3o e os nossos valores: Honestidade, Qualidade, Profissionalismo e Transpar\u00eancia.<\/p>\n\n\n\n<hr class=\"wp-block-separator\"\/>\n\n\n\n<p><\/p>\n","protected":false},"excerpt":{"rendered":"<p>Especialistas em Sistemas de Energias Renov\u00e1veis Criada em 2009, a Galr\u00e3o Renov\u00e1veis, empresa familiar, \u00e9 fruto de 30 anos de experi\u00eancia no mercado. Atua na \u00e1rea da Sustentabilidade, trabalhando na implementa\u00e7\u00e3o e manuten\u00e7\u00e3o de sistemas de energias renov\u00e1veis para clientes particulares, empresas e entidades p\u00fablicas. &hellip; <a href=\"https:\/\/galraorenovaveis.pt\/\" class=\"more-link\"><span>Continue reading<span class=\"screen-reader-text\">HOME<\/span><\/span><\/a><\/p>\n","protected":false},"author":1,"featured_media":0,"parent":0,"menu_order":0,"comment_status":"closed","ping_status":"closed","template":"","meta":{"_joinchat":[]},"_links":{"self":[{"href":"https:\/\/galraorenovaveis.pt\/index.php\/wp-json\/wp\/v2\/pages\/2"}],"collection":[{"href":"https:\/\/galraorenovaveis.pt\/index.php\/wp-json\/wp\/v2\/pages"}],"about":[{"href":"https:\/\/galraorenovaveis.pt\/index.php\/wp-json\/wp\/v2\/types\/page"}],"author":[{"embeddable":true,"href":"https:\/\/galraorenovaveis.pt\/index.php\/wp-json\/wp\/v2\/users\/1"}],"replies":[{"embeddable":true,"href":"https:\/\/galraorenovaveis.pt\/index.php\/wp-json\/wp\/v2\/comments?post=2"}],"version-history":[{"count":16,"href":"https:\/\/galraorenovaveis.pt\/index.php\/wp-json\/wp\/v2\/pages\/2\/revisions"}],"predecessor-version":[{"id":145,"href":"https:\/\/galraorenovaveis.pt\/index.php\/wp-json\/wp\/v2\/pages\/2\/revisions\/145"}],"wp:attachment":[{"href":"https:\/\/galraorenovaveis.pt\/index.php\/wp-json\/wp\/v2\/media?parent=2"}],"curies":[{"name":"wp","href":"https:\/\/api.w.org\/{rel}","templated":true}]}}