{"id":375,"date":"2020-06-18T21:24:18","date_gmt":"2020-06-18T21:24:18","guid":{"rendered":"http:\/\/galraorenovaveis.pt\/?page_id=375"},"modified":"2020-06-23T14:51:13","modified_gmt":"2020-06-23T14:51:13","slug":"energia-solar-termica","status":"publish","type":"page","link":"https:\/\/galraorenovaveis.pt\/index.php\/portofolio\/energia-solar-termica\/","title":{"rendered":"Energia Solar T\u00e9rmica"},"content":{"rendered":"\n<p class=\"has-text-align-center\">Alguns dos trabalhos recentes que aproveitam a energia do sol para aquecer \u00c1guas Sanit\u00e1rias , que traz conforto \u00e0s rotinas di\u00e1rias.<\/p>\n\n\n\n<figure class=\"wp-block-gallery alignfull columns-3 is-cropped\"><ul class=\"blocks-gallery-grid\"><li class=\"blocks-gallery-item\"><figure><img loading=\"lazy\" width=\"709\" height=\"531\" src=\"http:\/\/galraorenovaveis.pt\/wp-content\/uploads\/2020\/06\/WhatsApp-Image-2020-06-15-at-11.11.42.jpg\" alt=\"\" data-id=\"376\" data-full-url=\"http:\/\/galraorenovaveis.pt\/wp-content\/uploads\/2020\/06\/WhatsApp-Image-2020-06-15-at-11.11.42.jpg\" data-link=\"http:\/\/galraorenovaveis.pt\/?attachment_id=376\" class=\"wp-image-376\" srcset=\"https:\/\/galraorenovaveis.pt\/wp-content\/uploads\/2020\/06\/WhatsApp-Image-2020-06-15-at-11.11.42.jpg 709w, https:\/\/galraorenovaveis.pt\/wp-content\/uploads\/2020\/06\/WhatsApp-Image-2020-06-15-at-11.11.42-300x225.jpg 300w\" sizes=\"(max-width: 709px) 100vw, 709px\" \/><figcaption class=\"blocks-gallery-item__caption\">Sistema para \u00e1guas quentes sanit\u00e1rias e aquecimento de piscina<\/figcaption><\/figure><\/li><li class=\"blocks-gallery-item\"><figure><img loading=\"lazy\" width=\"709\" height=\"531\" src=\"http:\/\/galraorenovaveis.pt\/wp-content\/uploads\/2020\/06\/WhatsApp-Image-2020-06-15-at-11.11.53.jpg\" alt=\"\" data-id=\"377\" data-full-url=\"http:\/\/galraorenovaveis.pt\/wp-content\/uploads\/2020\/06\/WhatsApp-Image-2020-06-15-at-11.11.53.jpg\" data-link=\"http:\/\/galraorenovaveis.pt\/?attachment_id=377\" class=\"wp-image-377\" srcset=\"https:\/\/galraorenovaveis.pt\/wp-content\/uploads\/2020\/06\/WhatsApp-Image-2020-06-15-at-11.11.53.jpg 709w, https:\/\/galraorenovaveis.pt\/wp-content\/uploads\/2020\/06\/WhatsApp-Image-2020-06-15-at-11.11.53-300x225.jpg 300w\" sizes=\"(max-width: 709px) 100vw, 709px\" \/><figcaption class=\"blocks-gallery-item__caption\">Sistema para \u00e1guas quentes sanit\u00e1rias e aquecimento de piscina<\/figcaption><\/figure><\/li><li class=\"blocks-gallery-item\"><figure><img loading=\"lazy\" width=\"709\" height=\"472\" src=\"http:\/\/galraorenovaveis.pt\/wp-content\/uploads\/2020\/06\/WhatsApp-Image-2020-06-15-at-11.12.21.jpg\" alt=\"\" data-id=\"378\" data-full-url=\"http:\/\/galraorenovaveis.pt\/wp-content\/uploads\/2020\/06\/WhatsApp-Image-2020-06-15-at-11.12.21.jpg\" data-link=\"http:\/\/galraorenovaveis.pt\/?attachment_id=378\" class=\"wp-image-378\" srcset=\"https:\/\/galraorenovaveis.pt\/wp-content\/uploads\/2020\/06\/WhatsApp-Image-2020-06-15-at-11.12.21.jpg 709w, https:\/\/galraorenovaveis.pt\/wp-content\/uploads\/2020\/06\/WhatsApp-Image-2020-06-15-at-11.12.21-300x200.jpg 300w\" sizes=\"(max-width: 709px) 100vw, 709px\" \/><figcaption class=\"blocks-gallery-item__caption\">Sistema para \u00e1guas quentes sanit\u00e1rias, apoio \u00e0 climatiza\u00e7\u00e3o e aquecimento de piscina, no Lourel em Sintra<\/figcaption><\/figure><\/li><li class=\"blocks-gallery-item\"><figure><img loading=\"lazy\" width=\"709\" height=\"531\" src=\"http:\/\/galraorenovaveis.pt\/wp-content\/uploads\/2020\/06\/WhatsApp-Image-2020-06-15-at-11.14.19.jpg\" alt=\"\" data-id=\"379\" data-full-url=\"http:\/\/galraorenovaveis.pt\/wp-content\/uploads\/2020\/06\/WhatsApp-Image-2020-06-15-at-11.14.19.jpg\" data-link=\"http:\/\/galraorenovaveis.pt\/?attachment_id=379\" class=\"wp-image-379\" srcset=\"https:\/\/galraorenovaveis.pt\/wp-content\/uploads\/2020\/06\/WhatsApp-Image-2020-06-15-at-11.14.19.jpg 709w, https:\/\/galraorenovaveis.pt\/wp-content\/uploads\/2020\/06\/WhatsApp-Image-2020-06-15-at-11.14.19-300x225.jpg 300w\" sizes=\"(max-width: 709px) 100vw, 709px\" \/><figcaption class=\"blocks-gallery-item__caption\">Sistema para \u00e1guas quentes sanit\u00e1rias,na Cal\u00e7ada da Estrela, em Lisboa<\/figcaption><\/figure><\/li><li class=\"blocks-gallery-item\"><figure><img loading=\"lazy\" width=\"709\" height=\"531\" src=\"http:\/\/galraorenovaveis.pt\/wp-content\/uploads\/2020\/06\/WhatsApp-Image-2020-06-15-at-11.10.38.jpg\" alt=\"\" data-id=\"380\" data-full-url=\"http:\/\/galraorenovaveis.pt\/wp-content\/uploads\/2020\/06\/WhatsApp-Image-2020-06-15-at-11.10.38.jpg\" data-link=\"http:\/\/galraorenovaveis.pt\/?attachment_id=380\" class=\"wp-image-380\" srcset=\"https:\/\/galraorenovaveis.pt\/wp-content\/uploads\/2020\/06\/WhatsApp-Image-2020-06-15-at-11.10.38.jpg 709w, https:\/\/galraorenovaveis.pt\/wp-content\/uploads\/2020\/06\/WhatsApp-Image-2020-06-15-at-11.10.38-300x225.jpg 300w\" sizes=\"(max-width: 709px) 100vw, 709px\" \/><figcaption class=\"blocks-gallery-item__caption\">Sistema para \u00e1guas quentes sanit\u00e1rias, em Sintra<\/figcaption><\/figure><\/li><li class=\"blocks-gallery-item\"><figure><img loading=\"lazy\" width=\"709\" height=\"945\" src=\"http:\/\/galraorenovaveis.pt\/wp-content\/uploads\/2020\/06\/WhatsApp-Image-2020-06-15-at-11.15.26.jpg\" alt=\"\" data-id=\"381\" data-full-url=\"http:\/\/galraorenovaveis.pt\/wp-content\/uploads\/2020\/06\/WhatsApp-Image-2020-06-15-at-11.15.26.jpg\" data-link=\"http:\/\/galraorenovaveis.pt\/?attachment_id=381\" class=\"wp-image-381\" srcset=\"https:\/\/galraorenovaveis.pt\/wp-content\/uploads\/2020\/06\/WhatsApp-Image-2020-06-15-at-11.15.26.jpg 709w, https:\/\/galraorenovaveis.pt\/wp-content\/uploads\/2020\/06\/WhatsApp-Image-2020-06-15-at-11.15.26-225x300.jpg 225w\" sizes=\"(max-width: 709px) 100vw, 709px\" \/><figcaption class=\"blocks-gallery-item__caption\">Acumulador sanit\u00e1rio, em P\u00earo Pinheiro<\/figcaption><\/figure><\/li><\/ul><\/figure>\n","protected":false},"excerpt":{"rendered":"<p>Alguns dos trabalhos recentes que aproveitam a energia do sol para aquecer \u00c1guas Sanit\u00e1rias , que traz conforto \u00e0s rotinas di\u00e1rias.<\/p>\n","protected":false},"author":3,"featured_media":0,"parent":61,"menu_order":0,"comment_status":"closed","ping_status":"closed","template":"","meta":[],"_links":{"self":[{"href":"https:\/\/galraorenovaveis.pt\/index.php\/wp-json\/wp\/v2\/pages\/375"}],"collection":[{"href":"https:\/\/galraorenovaveis.pt\/index.php\/wp-json\/wp\/v2\/pages"}],"about":[{"href":"https:\/\/galraorenovaveis.pt\/index.php\/wp-json\/wp\/v2\/types\/page"}],"author":[{"embeddable":true,"href":"https:\/\/galraorenovaveis.pt\/index.php\/wp-json\/wp\/v2\/users\/3"}],"replies":[{"embeddable":true,"href":"https:\/\/galraorenovaveis.pt\/index.php\/wp-json\/wp\/v2\/comments?post=375"}],"version-history":[{"count":4,"href":"https:\/\/galraorenovaveis.pt\/index.php\/wp-json\/wp\/v2\/pages\/375\/revisions"}],"predecessor-version":[{"id":410,"href":"https:\/\/galraorenovaveis.pt\/index.php\/wp-json\/wp\/v2\/pages\/375\/revisions\/410"}],"up":[{"embeddable":true,"href":"https:\/\/galraorenovaveis.pt\/index.php\/wp-json\/wp\/v2\/pages\/61"}],"wp:attachment":[{"href":"https:\/\/galraorenovaveis.pt\/index.php\/wp-json\/wp\/v2\/media?parent=375"}],"curies":[{"name":"wp","href":"https:\/\/api.w.org\/{rel}","templated":true}]}}