{"id":383,"date":"2020-06-18T21:32:48","date_gmt":"2020-06-18T21:32:48","guid":{"rendered":"http:\/\/galraorenovaveis.pt\/?page_id=383"},"modified":"2020-06-23T14:54:59","modified_gmt":"2020-06-23T14:54:59","slug":"sistemas-radiantes","status":"publish","type":"page","link":"https:\/\/galraorenovaveis.pt\/index.php\/portofolio\/sistemas-radiantes\/","title":{"rendered":"Sistemas radiantes"},"content":{"rendered":"\n<p>Trabalhos recentes de aquecimento eficaz e de alto conforto. Alguns dos sistemas radiantes que temos \u00e0 sua disposi\u00e7\u00e3o.<\/p>\n\n\n\n<figure class=\"wp-block-gallery alignfull columns-3 is-cropped\"><ul class=\"blocks-gallery-grid\"><li class=\"blocks-gallery-item\"><figure><img loading=\"lazy\" width=\"531\" height=\"709\" src=\"http:\/\/galraorenovaveis.pt\/wp-content\/uploads\/2020\/06\/WhatsApp-Image-2020-06-15-at-11.41.48-2.jpg\" alt=\"\" data-id=\"384\" data-full-url=\"http:\/\/galraorenovaveis.pt\/wp-content\/uploads\/2020\/06\/WhatsApp-Image-2020-06-15-at-11.41.48-2.jpg\" data-link=\"http:\/\/galraorenovaveis.pt\/?attachment_id=384\" class=\"wp-image-384\" srcset=\"https:\/\/galraorenovaveis.pt\/wp-content\/uploads\/2020\/06\/WhatsApp-Image-2020-06-15-at-11.41.48-2.jpg 531w, https:\/\/galraorenovaveis.pt\/wp-content\/uploads\/2020\/06\/WhatsApp-Image-2020-06-15-at-11.41.48-2-225x300.jpg 225w\" sizes=\"(max-width: 531px) 100vw, 531px\" \/><figcaption class=\"blocks-gallery-item__caption\">Instala\u00e7\u00e3o em serpentina de sistema radiante, para aquecimento e arrefecimento ambiente, em Vila Vi\u00e7osa<\/figcaption><\/figure><\/li><li class=\"blocks-gallery-item\"><figure><img loading=\"lazy\" width=\"531\" height=\"709\" src=\"http:\/\/galraorenovaveis.pt\/wp-content\/uploads\/2020\/06\/WhatsApp-Image-2020-06-15-at-11.41.48.jpg\" alt=\"\" data-id=\"386\" data-full-url=\"http:\/\/galraorenovaveis.pt\/wp-content\/uploads\/2020\/06\/WhatsApp-Image-2020-06-15-at-11.41.48.jpg\" data-link=\"http:\/\/galraorenovaveis.pt\/?attachment_id=386\" class=\"wp-image-386\" srcset=\"https:\/\/galraorenovaveis.pt\/wp-content\/uploads\/2020\/06\/WhatsApp-Image-2020-06-15-at-11.41.48.jpg 531w, https:\/\/galraorenovaveis.pt\/wp-content\/uploads\/2020\/06\/WhatsApp-Image-2020-06-15-at-11.41.48-225x300.jpg 225w\" sizes=\"(max-width: 531px) 100vw, 531px\" \/><figcaption class=\"blocks-gallery-item__caption\">Instala\u00e7\u00e3o em serpentina de sistema radiante, para aquecimento e arrefecimento ambiente, em Vila Vi\u00e7osa<\/figcaption><\/figure><\/li><li class=\"blocks-gallery-item\"><figure><img loading=\"lazy\" width=\"531\" height=\"709\" src=\"http:\/\/galraorenovaveis.pt\/wp-content\/uploads\/2020\/06\/WhatsApp-Image-2020-06-15-at-11.41.49-1.jpg\" alt=\"\" data-id=\"387\" data-full-url=\"http:\/\/galraorenovaveis.pt\/wp-content\/uploads\/2020\/06\/WhatsApp-Image-2020-06-15-at-11.41.49-1.jpg\" data-link=\"http:\/\/galraorenovaveis.pt\/?attachment_id=387\" class=\"wp-image-387\" srcset=\"https:\/\/galraorenovaveis.pt\/wp-content\/uploads\/2020\/06\/WhatsApp-Image-2020-06-15-at-11.41.49-1.jpg 531w, https:\/\/galraorenovaveis.pt\/wp-content\/uploads\/2020\/06\/WhatsApp-Image-2020-06-15-at-11.41.49-1-225x300.jpg 225w\" sizes=\"(max-width: 531px) 100vw, 531px\" \/><figcaption class=\"blocks-gallery-item__caption\">Instala\u00e7\u00e3o em serpentina de sistema radiante, para aquecimento e arrefecimento ambiente, em Vila Vi\u00e7osa<\/figcaption><\/figure><\/li><li class=\"blocks-gallery-item\"><figure><img loading=\"lazy\" width=\"531\" height=\"709\" src=\"http:\/\/galraorenovaveis.pt\/wp-content\/uploads\/2020\/06\/WhatsApp-Image-2020-06-15-at-11.41.48-1.jpg\" alt=\"\" data-id=\"388\" data-full-url=\"http:\/\/galraorenovaveis.pt\/wp-content\/uploads\/2020\/06\/WhatsApp-Image-2020-06-15-at-11.41.48-1.jpg\" data-link=\"http:\/\/galraorenovaveis.pt\/?attachment_id=388\" class=\"wp-image-388\" srcset=\"https:\/\/galraorenovaveis.pt\/wp-content\/uploads\/2020\/06\/WhatsApp-Image-2020-06-15-at-11.41.48-1.jpg 531w, https:\/\/galraorenovaveis.pt\/wp-content\/uploads\/2020\/06\/WhatsApp-Image-2020-06-15-at-11.41.48-1-225x300.jpg 225w\" sizes=\"(max-width: 531px) 100vw, 531px\" \/><figcaption class=\"blocks-gallery-item__caption\">Colector de distribui\u00e7\u00e3o de circuitos de sistema radiante<\/figcaption><\/figure><\/li><li class=\"blocks-gallery-item\"><figure><img loading=\"lazy\" width=\"531\" height=\"709\" src=\"http:\/\/galraorenovaveis.pt\/wp-content\/uploads\/2020\/06\/WhatsApp-Image-2020-06-15-at-11.41.48-3.jpg\" alt=\"\" data-id=\"385\" data-full-url=\"http:\/\/galraorenovaveis.pt\/wp-content\/uploads\/2020\/06\/WhatsApp-Image-2020-06-15-at-11.41.48-3.jpg\" data-link=\"http:\/\/galraorenovaveis.pt\/?attachment_id=385\" class=\"wp-image-385\" srcset=\"https:\/\/galraorenovaveis.pt\/wp-content\/uploads\/2020\/06\/WhatsApp-Image-2020-06-15-at-11.41.48-3.jpg 531w, https:\/\/galraorenovaveis.pt\/wp-content\/uploads\/2020\/06\/WhatsApp-Image-2020-06-15-at-11.41.48-3-225x300.jpg 225w\" sizes=\"(max-width: 531px) 100vw, 531px\" \/><figcaption class=\"blocks-gallery-item__caption\">Instala\u00e7\u00e3o em serpentina de sistema radiante, para aquecimento e arrefecimento ambiente, em Alc\u00e1cer do Sal<\/figcaption><\/figure><\/li><li class=\"blocks-gallery-item\"><figure><img loading=\"lazy\" width=\"709\" height=\"531\" src=\"http:\/\/galraorenovaveis.pt\/wp-content\/uploads\/2020\/06\/WhatsApp-Image-2020-06-15-at-11.51.15.jpg\" alt=\"\" data-id=\"389\" data-full-url=\"http:\/\/galraorenovaveis.pt\/wp-content\/uploads\/2020\/06\/WhatsApp-Image-2020-06-15-at-11.51.15.jpg\" data-link=\"http:\/\/galraorenovaveis.pt\/?attachment_id=389\" class=\"wp-image-389\" srcset=\"https:\/\/galraorenovaveis.pt\/wp-content\/uploads\/2020\/06\/WhatsApp-Image-2020-06-15-at-11.51.15.jpg 709w, https:\/\/galraorenovaveis.pt\/wp-content\/uploads\/2020\/06\/WhatsApp-Image-2020-06-15-at-11.51.15-300x225.jpg 300w\" sizes=\"(max-width: 709px) 100vw, 709px\" \/><figcaption class=\"blocks-gallery-item__caption\">Instala\u00e7\u00e3o em serpentina de sistema radiante, para aquecimento e arrefecimento ambiente, em Tavira<\/figcaption><\/figure><\/li><\/ul><\/figure>\n","protected":false},"excerpt":{"rendered":"<p>Trabalhos recentes de aquecimento eficaz e de alto conforto. Alguns dos sistemas radiantes que temos \u00e0 sua disposi\u00e7\u00e3o.<\/p>\n","protected":false},"author":3,"featured_media":0,"parent":61,"menu_order":0,"comment_status":"closed","ping_status":"closed","template":"","meta":[],"_links":{"self":[{"href":"https:\/\/galraorenovaveis.pt\/index.php\/wp-json\/wp\/v2\/pages\/383"}],"collection":[{"href":"https:\/\/galraorenovaveis.pt\/index.php\/wp-json\/wp\/v2\/pages"}],"about":[{"href":"https:\/\/galraorenovaveis.pt\/index.php\/wp-json\/wp\/v2\/types\/page"}],"author":[{"embeddable":true,"href":"https:\/\/galraorenovaveis.pt\/index.php\/wp-json\/wp\/v2\/users\/3"}],"replies":[{"embeddable":true,"href":"https:\/\/galraorenovaveis.pt\/index.php\/wp-json\/wp\/v2\/comments?post=383"}],"version-history":[{"count":3,"href":"https:\/\/galraorenovaveis.pt\/index.php\/wp-json\/wp\/v2\/pages\/383\/revisions"}],"predecessor-version":[{"id":412,"href":"https:\/\/galraorenovaveis.pt\/index.php\/wp-json\/wp\/v2\/pages\/383\/revisions\/412"}],"up":[{"embeddable":true,"href":"https:\/\/galraorenovaveis.pt\/index.php\/wp-json\/wp\/v2\/pages\/61"}],"wp:attachment":[{"href":"https:\/\/galraorenovaveis.pt\/index.php\/wp-json\/wp\/v2\/media?parent=383"}],"curies":[{"name":"wp","href":"https:\/\/api.w.org\/{rel}","templated":true}]}}